{"id":88,"date":"2019-08-23T17:25:21","date_gmt":"2019-08-23T15:25:21","guid":{"rendered":"http:\/\/aidsecurite.com\/?page_id=88"},"modified":"2022-02-20T20:00:38","modified_gmt":"2022-02-20T19:00:38","slug":"realisation-des-plans-de-secours-et-des-consignes","status":"publish","type":"page","link":"https:\/\/aidsecurite.com\/index.php\/realisation-des-plans-de-secours-et-des-consignes\/","title":{"rendered":"R\u00e9alisation des plans de secours et des consignes"},"content":{"rendered":"\n<figure class=\"wp-block-image size-large\"><img loading=\"lazy\" width=\"724\" height=\"1024\" src=\"https:\/\/aidsecurite.com\/wp-content\/uploads\/2022\/02\/Plans-de-secours-724x1024.jpg\" alt=\"\" class=\"wp-image-708\" srcset=\"https:\/\/aidsecurite.com\/wp-content\/uploads\/2022\/02\/Plans-de-secours-724x1024.jpg 724w, https:\/\/aidsecurite.com\/wp-content\/uploads\/2022\/02\/Plans-de-secours-212x300.jpg 212w, https:\/\/aidsecurite.com\/wp-content\/uploads\/2022\/02\/Plans-de-secours-768x1086.jpg 768w, https:\/\/aidsecurite.com\/wp-content\/uploads\/2022\/02\/Plans-de-secours-1086x1536.jpg 1086w, https:\/\/aidsecurite.com\/wp-content\/uploads\/2022\/02\/Plans-de-secours-1448x2048.jpg 1448w, https:\/\/aidsecurite.com\/wp-content\/uploads\/2022\/02\/Plans-de-secours-scaled.jpg 1811w\" sizes=\"(max-width: 724px) 100vw, 724px\" \/><\/figure>\n\n\n\n<p><strong>AID s\u00e9curit\u00e9 r\u00e9alise des plans de secours et des consignes conformes \u00e0 la norme NF X 08-070.<\/strong><\/p>\n","protected":false},"excerpt":{"rendered":"<p>AID s\u00e9curit\u00e9 r\u00e9alise des plans de secours et des consignes conformes \u00e0 la norme NF X 08-070.<\/p>\n","protected":false},"author":1,"featured_media":0,"parent":0,"menu_order":0,"comment_status":"closed","ping_status":"closed","template":"","meta":[],"_links":{"self":[{"href":"https:\/\/aidsecurite.com\/index.php\/wp-json\/wp\/v2\/pages\/88"}],"collection":[{"href":"https:\/\/aidsecurite.com\/index.php\/wp-json\/wp\/v2\/pages"}],"about":[{"href":"https:\/\/aidsecurite.com\/index.php\/wp-json\/wp\/v2\/types\/page"}],"author":[{"embeddable":true,"href":"https:\/\/aidsecurite.com\/index.php\/wp-json\/wp\/v2\/users\/1"}],"replies":[{"embeddable":true,"href":"https:\/\/aidsecurite.com\/index.php\/wp-json\/wp\/v2\/comments?post=88"}],"version-history":[{"count":5,"href":"https:\/\/aidsecurite.com\/index.php\/wp-json\/wp\/v2\/pages\/88\/revisions"}],"predecessor-version":[{"id":709,"href":"https:\/\/aidsecurite.com\/index.php\/wp-json\/wp\/v2\/pages\/88\/revisions\/709"}],"wp:attachment":[{"href":"https:\/\/aidsecurite.com\/index.php\/wp-json\/wp\/v2\/media?parent=88"}],"curies":[{"name":"wp","href":"https:\/\/api.w.org\/{rel}","templated":true}]}}