{"id":87,"date":"2019-08-23T17:25:21","date_gmt":"2019-08-23T15:25:21","guid":{"rendered":"http:\/\/aidsecurite.com\/?page_id=87"},"modified":"2022-02-20T19:53:28","modified_gmt":"2022-02-20T18:53:28","slug":"coordination-des-systemes-de-securite-incendie","status":"publish","type":"page","link":"https:\/\/aidsecurite.com\/index.php\/coordination-des-systemes-de-securite-incendie\/","title":{"rendered":"Coordination des syst\u00e8mes de s\u00e9curit\u00e9 incendie"},"content":{"rendered":"\n<figure class=\"wp-block-image size-large\"><img loading=\"lazy\" width=\"727\" height=\"1024\" src=\"https:\/\/aidsecurite.com\/wp-content\/uploads\/2022\/02\/Plaquette-SSI-727x1024.jpg\" alt=\"\" class=\"wp-image-701\" srcset=\"https:\/\/aidsecurite.com\/wp-content\/uploads\/2022\/02\/Plaquette-SSI-727x1024.jpg 727w, https:\/\/aidsecurite.com\/wp-content\/uploads\/2022\/02\/Plaquette-SSI-213x300.jpg 213w, https:\/\/aidsecurite.com\/wp-content\/uploads\/2022\/02\/Plaquette-SSI-768x1082.jpg 768w, https:\/\/aidsecurite.com\/wp-content\/uploads\/2022\/02\/Plaquette-SSI-1090x1536.jpg 1090w, https:\/\/aidsecurite.com\/wp-content\/uploads\/2022\/02\/Plaquette-SSI-1453x2048.jpg 1453w, https:\/\/aidsecurite.com\/wp-content\/uploads\/2022\/02\/Plaquette-SSI-scaled.jpg 1816w\" sizes=\"(max-width: 727px) 100vw, 727px\" \/><\/figure>\n","protected":false},"excerpt":{"rendered":"","protected":false},"author":1,"featured_media":0,"parent":0,"menu_order":0,"comment_status":"closed","ping_status":"closed","template":"","meta":[],"_links":{"self":[{"href":"https:\/\/aidsecurite.com\/index.php\/wp-json\/wp\/v2\/pages\/87"}],"collection":[{"href":"https:\/\/aidsecurite.com\/index.php\/wp-json\/wp\/v2\/pages"}],"about":[{"href":"https:\/\/aidsecurite.com\/index.php\/wp-json\/wp\/v2\/types\/page"}],"author":[{"embeddable":true,"href":"https:\/\/aidsecurite.com\/index.php\/wp-json\/wp\/v2\/users\/1"}],"replies":[{"embeddable":true,"href":"https:\/\/aidsecurite.com\/index.php\/wp-json\/wp\/v2\/comments?post=87"}],"version-history":[{"count":7,"href":"https:\/\/aidsecurite.com\/index.php\/wp-json\/wp\/v2\/pages\/87\/revisions"}],"predecessor-version":[{"id":702,"href":"https:\/\/aidsecurite.com\/index.php\/wp-json\/wp\/v2\/pages\/87\/revisions\/702"}],"wp:attachment":[{"href":"https:\/\/aidsecurite.com\/index.php\/wp-json\/wp\/v2\/media?parent=87"}],"curies":[{"name":"wp","href":"https:\/\/api.w.org\/{rel}","templated":true}]}}