{"id":389,"date":"2019-10-02T14:35:53","date_gmt":"2019-10-02T12:35:53","guid":{"rendered":"http:\/\/aidsecurite.com\/?page_id=389"},"modified":"2019-10-02T15:21:21","modified_gmt":"2019-10-02T13:21:21","slug":"carrefour-bon-app-lyon-perrache","status":"publish","type":"page","link":"https:\/\/aidsecurite.com\/index.php\/carrefour-bon-app-lyon-perrache\/","title":{"rendered":"Carrefour Express- Lyon Perrache"},"content":{"rendered":"\n<figure class=\"wp-block-image is-resized\"><img loading=\"lazy\" src=\"https:\/\/aidsecurite.com\/wp-content\/uploads\/2019\/10\/Carrefour-Express-LYON-PERRACHE-TR-1024x768.jpg\" alt=\"\" class=\"wp-image-432\" width=\"509\" height=\"382\" srcset=\"https:\/\/aidsecurite.com\/wp-content\/uploads\/2019\/10\/Carrefour-Express-LYON-PERRACHE-TR-1024x768.jpg 1024w, https:\/\/aidsecurite.com\/wp-content\/uploads\/2019\/10\/Carrefour-Express-LYON-PERRACHE-TR-300x225.jpg 300w, https:\/\/aidsecurite.com\/wp-content\/uploads\/2019\/10\/Carrefour-Express-LYON-PERRACHE-TR-768x576.jpg 768w\" sizes=\"(max-width: 509px) 100vw, 509px\" \/><\/figure>\n\n\n\n<p>2017 &#8211; Installation du syst\u00e8me de d\u00e9senfumage et coordination du syst\u00e8me de s\u00e9curit\u00e9 incendie.<\/p>\n","protected":false},"excerpt":{"rendered":"<p>2017 &#8211; Installation du syst\u00e8me de d\u00e9senfumage et coordination du syst\u00e8me de s\u00e9curit\u00e9 incendie.<\/p>\n","protected":false},"author":1,"featured_media":0,"parent":0,"menu_order":0,"comment_status":"closed","ping_status":"closed","template":"","meta":[],"_links":{"self":[{"href":"https:\/\/aidsecurite.com\/index.php\/wp-json\/wp\/v2\/pages\/389"}],"collection":[{"href":"https:\/\/aidsecurite.com\/index.php\/wp-json\/wp\/v2\/pages"}],"about":[{"href":"https:\/\/aidsecurite.com\/index.php\/wp-json\/wp\/v2\/types\/page"}],"author":[{"embeddable":true,"href":"https:\/\/aidsecurite.com\/index.php\/wp-json\/wp\/v2\/users\/1"}],"replies":[{"embeddable":true,"href":"https:\/\/aidsecurite.com\/index.php\/wp-json\/wp\/v2\/comments?post=389"}],"version-history":[{"count":4,"href":"https:\/\/aidsecurite.com\/index.php\/wp-json\/wp\/v2\/pages\/389\/revisions"}],"predecessor-version":[{"id":434,"href":"https:\/\/aidsecurite.com\/index.php\/wp-json\/wp\/v2\/pages\/389\/revisions\/434"}],"wp:attachment":[{"href":"https:\/\/aidsecurite.com\/index.php\/wp-json\/wp\/v2\/media?parent=389"}],"curies":[{"name":"wp","href":"https:\/\/api.w.org\/{rel}","templated":true}]}}