{"id":199,"date":"2019-09-06T09:58:03","date_gmt":"2019-09-06T07:58:03","guid":{"rendered":"http:\/\/aidsecurite.com\/?page_id=199"},"modified":"2019-09-06T10:14:43","modified_gmt":"2019-09-06T08:14:43","slug":"competences","status":"publish","type":"page","link":"https:\/\/aidsecurite.com\/index.php\/competences\/","title":{"rendered":"COMP\u00c9TENCES"},"content":{"rendered":"\n<p>AID s\u00e9curit\u00e9 propose des services adapt\u00e9s \u00e0 vos attentes en mati\u00e8re de s\u00e9curit\u00e9.<\/p>\n\n\n\n<ul><li><a href=\"https:\/\/aidsecurite.com\/index.php\/maitrise-doeuvre-incendie\/\">Ma\u00eetrise d&rsquo;oeuvre incendie<\/a><\/li><li><a rel=\"noreferrer noopener\" aria-label=\"Coordination des syst\u00e8mes de s\u00e9curit\u00e9 incendie (s\u2019ouvre dans un nouvel onglet)\" href=\"https:\/\/aidsecurite.com\/index.php\/coordination-des-systemes-de-securite-incendie\/\" target=\"_blank\">Coordination des syst\u00e8mes de s\u00e9curit\u00e9 incendie<\/a><\/li><li><a rel=\"noreferrer noopener\" aria-label=\"R\u00e9alisation des plans de secours et des consignes (s\u2019ouvre dans un nouvel onglet)\" href=\"https:\/\/aidsecurite.com\/index.php\/realisation-des-plans-de-secours-et-des-consignes\/\" target=\"_blank\">R\u00e9alisation des plans de secours et des consignes<\/a><\/li><li><a rel=\"noreferrer noopener\" aria-label=\"Formation Incendie (s\u2019ouvre dans un nouvel onglet)\" href=\"https:\/\/aidsecurite.com\/index.php\/formation-incendie\/\" target=\"_blank\">Formation incendie<\/a><\/li><li><a href=\"https:\/\/aidsecurite.com\/index.php\/registres-de-securite-dematerialisee\/\" target=\"_blank\" rel=\"noreferrer noopener\" aria-label=\"Registres de s\u00e9curit\u00e9 d\u00e9mat\u00e9rialis\u00e9s (s\u2019ouvre dans un nouvel onglet)\">Registres de s\u00e9curit\u00e9 d\u00e9mat\u00e9rialis\u00e9s<\/a><\/li><\/ul>\n\n\n\n<p>N&rsquo;h\u00e9sitez pas \u00e0 <a href=\"https:\/\/aidsecurite.com\/index.php\/contact\/\" target=\"_blank\" rel=\"noreferrer noopener\" aria-label=\"nous contacter  (s\u2019ouvre dans un nouvel onglet)\">nous contacter <\/a>afin que nous \u00e9tudions ensemble votre projet.<\/p>\n","protected":false},"excerpt":{"rendered":"<p>AID s\u00e9curit\u00e9 propose des services adapt\u00e9s \u00e0 vos attentes en mati\u00e8re de s\u00e9curit\u00e9. Ma\u00eetrise d&rsquo;oeuvre incendie Coordination des syst\u00e8mes de<\/p>\n","protected":false},"author":1,"featured_media":0,"parent":0,"menu_order":0,"comment_status":"closed","ping_status":"closed","template":"","meta":[],"_links":{"self":[{"href":"https:\/\/aidsecurite.com\/index.php\/wp-json\/wp\/v2\/pages\/199"}],"collection":[{"href":"https:\/\/aidsecurite.com\/index.php\/wp-json\/wp\/v2\/pages"}],"about":[{"href":"https:\/\/aidsecurite.com\/index.php\/wp-json\/wp\/v2\/types\/page"}],"author":[{"embeddable":true,"href":"https:\/\/aidsecurite.com\/index.php\/wp-json\/wp\/v2\/users\/1"}],"replies":[{"embeddable":true,"href":"https:\/\/aidsecurite.com\/index.php\/wp-json\/wp\/v2\/comments?post=199"}],"version-history":[{"count":2,"href":"https:\/\/aidsecurite.com\/index.php\/wp-json\/wp\/v2\/pages\/199\/revisions"}],"predecessor-version":[{"id":204,"href":"https:\/\/aidsecurite.com\/index.php\/wp-json\/wp\/v2\/pages\/199\/revisions\/204"}],"wp:attachment":[{"href":"https:\/\/aidsecurite.com\/index.php\/wp-json\/wp\/v2\/media?parent=199"}],"curies":[{"name":"wp","href":"https:\/\/api.w.org\/{rel}","templated":true}]}}